{"id":15,"date":"2025-07-08T12:12:20","date_gmt":"2025-07-08T12:12:20","guid":{"rendered":"https:\/\/crystal-hotel-wellness-spa.ms2.decms.eu\/?page_id=15"},"modified":"2026-03-18T12:33:40","modified_gmt":"2026-03-18T12:33:40","slug":"rolunk","status":"publish","type":"page","link":"https:\/\/www.hotelcrystal.ro\/hu\/rolunk\/","title":{"rendered":"R\u00f3lunk"},"content":{"rendered":"<p>Szov\u00e1ta a gy\u00f3gyhat\u00e1s\u00fa s\u00f3s tavair\u00f3l \u00e9s leny\u0171g\u00f6z\u0151 term\u00e9szeti k\u00f6rnyezet\u00e9r\u0151l ismert, \u00edgy t\u00f6k\u00e9letes hely a pihen\u00e9shez \u00e9s felt\u00f6lt\u0151d\u00e9shez. A Hotel Crystal pedig ide\u00e1lis v\u00e1laszt\u00e1s, hogy mindezt a lehet\u0151 legteljesebb \u00e9lm\u00e9nyben \u00e9lhesse \u00e1t.<\/p>\n<p data-start=\"287\" data-end=\"437\">Sz\u00e1llod\u00e1nk modern k\u00e9nyelmet, teljes k\u00f6r\u0171 wellness k\u00f6zpontot \u00e9s otthonos szob\u00e1kat k\u00edn\u00e1l. Legyen sz\u00f3 nyaral\u00e1sr\u00f3l vagy \u00fczleti \u00fatr\u00f3l, gondos csapatunk \u00e9s magas sz\u00ednvonal\u00fa szolg\u00e1ltat\u00e1saink garant\u00e1lj\u00e1k a zavartalan, kellemes tart\u00f3zkod\u00e1st.<\/p>\n<p data-start=\"439\" data-end=\"583\"><em>A Hotel Crystal a luxus \u00e9s a term\u00e9szet t\u00f6k\u00e9letes \u00f6sszhangj\u00e1t k\u00edn\u00e1lja.<\/em><\/p>\n<p>&nbsp;<\/p>\n","protected":false},"excerpt":{"rendered":"<p>Szov\u00e1ta a gy\u00f3gyhat\u00e1s\u00fa s\u00f3s tavair\u00f3l \u00e9s leny\u0171g\u00f6z\u0151 term\u00e9szeti k\u00f6rnyezet\u00e9r\u0151l ismert, \u00edgy t\u00f6k\u00e9letes hely a pihen\u00e9shez \u00e9s felt\u00f6lt\u0151d\u00e9shez. A Hotel Crystal pedig ide\u00e1lis v\u00e1laszt\u00e1s, hogy mindezt a lehet\u0151 legteljesebb \u00e9lm\u00e9nyben \u00e9lhesse \u00e1t. Sz\u00e1llod\u00e1nk modern k\u00e9nyelmet, teljes k\u00f6r\u0171 wellness k\u00f6zpontot \u00e9s otthonos szob\u00e1kat k\u00edn\u00e1l. Legyen sz\u00f3 nyaral\u00e1sr\u00f3l vagy \u00fczleti \u00fatr\u00f3l, gondos csapatunk \u00e9s magas sz\u00ednvonal\u00fa szolg\u00e1ltat\u00e1saink garant\u00e1lj\u00e1k [&hellip;]<\/p>\n","protected":false},"author":8,"featured_media":0,"parent":0,"menu_order":2,"comment_status":"closed","ping_status":"closed","template":"","meta":{"footnotes":""},"class_list":["post-15","page","type-page","status-publish","hentry"],"yoast_head":"<!-- This site is optimized with the Yoast SEO plugin v27.3 - https:\/\/yoast.com\/product\/yoast-seo-wordpress\/ -->\n<title>R\u00f3lunk * Hotel Crystal Wellness &amp; SPA *<\/title>\n<meta name=\"description\" content=\"Szov\u00e1ta a gy\u00f3gyhat\u00e1s\u00fa s\u00f3s tavair\u00f3l \u00e9s leny\u0171g\u00f6z\u0151 term\u00e9szeti k\u00f6rnyezet\u00e9r\u0151l ismert, \u00edgy t\u00f6k\u00e9letes hely a pihen\u00e9shez \u00e9s felt\u00f6lt\u0151d\u00e9shez. A Hotel Crystal pedig ide\u00e1lis v\u00e1laszt\u00e1s, hogy mindezt a lehet\u0151 legteljesebb \u00e9lm\u00e9nyben \u00e9lhesse \u00e1t. Sz\u00e1llod\u00e1nk modern k\u00e9nyelmet, teljes k\u00f6r\u0171 wellness k\u00f6zpontot \u00e9s otthonos szob\u00e1kat k\u00edn\u00e1l\" \/>\n<meta name=\"robots\" content=\"index, follow, max-snippet:-1, max-image-preview:large, max-video-preview:-1\" \/>\n<link rel=\"canonical\" href=\"https:\/\/www.hotelcrystal.ro\/hu\/rolunk\/\" \/>\n<meta property=\"og:locale\" content=\"hu_HU\" \/>\n<meta property=\"og:type\" content=\"article\" \/>\n<meta property=\"og:title\" content=\"R\u00f3lunk * Hotel Crystal Wellness &amp; SPA *\" \/>\n<meta property=\"og:description\" content=\"Szov\u00e1ta a gy\u00f3gyhat\u00e1s\u00fa s\u00f3s tavair\u00f3l \u00e9s leny\u0171g\u00f6z\u0151 term\u00e9szeti k\u00f6rnyezet\u00e9r\u0151l ismert, \u00edgy t\u00f6k\u00e9letes hely a pihen\u00e9shez \u00e9s felt\u00f6lt\u0151d\u00e9shez. A Hotel Crystal pedig ide\u00e1lis v\u00e1laszt\u00e1s, hogy mindezt a lehet\u0151 legteljesebb \u00e9lm\u00e9nyben \u00e9lhesse \u00e1t. Sz\u00e1llod\u00e1nk modern k\u00e9nyelmet, teljes k\u00f6r\u0171 wellness k\u00f6zpontot \u00e9s otthonos szob\u00e1kat k\u00edn\u00e1l\" \/>\n<meta property=\"og:url\" content=\"https:\/\/www.hotelcrystal.ro\/hu\/rolunk\/\" \/>\n<meta property=\"og:site_name\" content=\"Hotel Crystal Wellness &amp; SPA\" \/>\n<meta property=\"article:publisher\" content=\"https:\/\/www.facebook.com\/CrystalHotelSovata\/\" \/>\n<meta property=\"article:modified_time\" content=\"2026-03-18T12:33:40+00:00\" \/>\n<meta property=\"og:image\" content=\"https:\/\/www.hotelcrystal.ro\/wp-content\/uploads\/sites\/259\/2025\/07\/Hotel-Crystal-Wellness-SPA-33.jpg\" \/>\n\t<meta property=\"og:image:width\" content=\"2048\" \/>\n\t<meta property=\"og:image:height\" content=\"1148\" \/>\n\t<meta property=\"og:image:type\" content=\"image\/jpeg\" \/>\n<meta name=\"twitter:card\" content=\"summary_large_image\" \/>\n<meta name=\"twitter:site\" content=\"@hotelcrystal23\" \/>\n<meta name=\"twitter:label1\" content=\"Becs\u00fclt olvas\u00e1si id\u0151\" \/>\n\t<meta name=\"twitter:data1\" content=\"1 perc\" \/>\n<script type=\"application\/ld+json\" class=\"yoast-schema-graph\">{\"@context\":\"https:\\\/\\\/schema.org\",\"@graph\":[{\"@type\":\"WebPage\",\"@id\":\"https:\\\/\\\/www.hotelcrystal.ro\\\/hu\\\/rolunk\\\/\",\"url\":\"https:\\\/\\\/www.hotelcrystal.ro\\\/hu\\\/rolunk\\\/\",\"name\":\"R\u00f3lunk * Hotel Crystal Wellness &amp; SPA *\",\"isPartOf\":{\"@id\":\"https:\\\/\\\/www.hotelcrystal.ro\\\/hu\\\/#website\"},\"datePublished\":\"2025-07-08T12:12:20+00:00\",\"dateModified\":\"2026-03-18T12:33:40+00:00\",\"description\":\"Szov\u00e1ta a gy\u00f3gyhat\u00e1s\u00fa s\u00f3s tavair\u00f3l \u00e9s leny\u0171g\u00f6z\u0151 term\u00e9szeti k\u00f6rnyezet\u00e9r\u0151l ismert, \u00edgy t\u00f6k\u00e9letes hely a pihen\u00e9shez \u00e9s felt\u00f6lt\u0151d\u00e9shez. A Hotel Crystal pedig ide\u00e1lis v\u00e1laszt\u00e1s, hogy mindezt a lehet\u0151 legteljesebb \u00e9lm\u00e9nyben \u00e9lhesse \u00e1t. Sz\u00e1llod\u00e1nk modern k\u00e9nyelmet, teljes k\u00f6r\u0171 wellness k\u00f6zpontot \u00e9s otthonos szob\u00e1kat k\u00edn\u00e1l\",\"breadcrumb\":{\"@id\":\"https:\\\/\\\/www.hotelcrystal.ro\\\/hu\\\/rolunk\\\/#breadcrumb\"},\"inLanguage\":\"hu\",\"potentialAction\":[{\"@type\":\"ReadAction\",\"target\":[\"https:\\\/\\\/www.hotelcrystal.ro\\\/hu\\\/rolunk\\\/\"]}]},{\"@type\":\"BreadcrumbList\",\"@id\":\"https:\\\/\\\/www.hotelcrystal.ro\\\/hu\\\/rolunk\\\/#breadcrumb\",\"itemListElement\":[{\"@type\":\"ListItem\",\"position\":1,\"name\":\"Home\",\"item\":\"https:\\\/\\\/www.hotelcrystal.ro\\\/hu\\\/\"},{\"@type\":\"ListItem\",\"position\":2,\"name\":\"R\u00f3lunk\"}]},{\"@type\":\"WebSite\",\"@id\":\"https:\\\/\\\/www.hotelcrystal.ro\\\/hu\\\/#website\",\"url\":\"https:\\\/\\\/www.hotelcrystal.ro\\\/hu\\\/\",\"name\":\"Hotel Crystal Wellness & SPA\",\"description\":\"\",\"publisher\":{\"@id\":\"https:\\\/\\\/www.hotelcrystal.ro\\\/hu\\\/#organization\"},\"potentialAction\":[{\"@type\":\"SearchAction\",\"target\":{\"@type\":\"EntryPoint\",\"urlTemplate\":\"https:\\\/\\\/www.hotelcrystal.ro\\\/hu\\\/?s={search_term_string}\"},\"query-input\":{\"@type\":\"PropertyValueSpecification\",\"valueRequired\":true,\"valueName\":\"search_term_string\"}}],\"inLanguage\":\"hu\"},{\"@type\":\"Organization\",\"@id\":\"https:\\\/\\\/www.hotelcrystal.ro\\\/hu\\\/#organization\",\"name\":\"Hotel Crystal Wellness & SPA\",\"url\":\"https:\\\/\\\/www.hotelcrystal.ro\\\/hu\\\/\",\"logo\":{\"@type\":\"ImageObject\",\"inLanguage\":\"hu\",\"@id\":\"https:\\\/\\\/www.hotelcrystal.ro\\\/hu\\\/#\\\/schema\\\/logo\\\/image\\\/\",\"url\":\"https:\\\/\\\/www.hotelcrystal.ro\\\/wp-content\\\/uploads\\\/sites\\\/259\\\/2025\\\/07\\\/LOGO-CRYSTAL-hotel-wellnesss.png\",\"contentUrl\":\"https:\\\/\\\/www.hotelcrystal.ro\\\/wp-content\\\/uploads\\\/sites\\\/259\\\/2025\\\/07\\\/LOGO-CRYSTAL-hotel-wellnesss.png\",\"width\":995,\"height\":500,\"caption\":\"Hotel Crystal Wellness & SPA\"},\"image\":{\"@id\":\"https:\\\/\\\/www.hotelcrystal.ro\\\/hu\\\/#\\\/schema\\\/logo\\\/image\\\/\"},\"sameAs\":[\"https:\\\/\\\/www.facebook.com\\\/CrystalHotelSovata\\\/\",\"https:\\\/\\\/x.com\\\/hotelcrystal23\",\"https:\\\/\\\/www.youtube.com\\\/channel\\\/UC-DcgRN3P1YJTAIyMR-4fxw\",\"https:\\\/\\\/www.instagram.com\\\/hotelcrystalsovata\\\/\"]}]}<\/script>\n<!-- \/ Yoast SEO plugin. -->","yoast_head_json":{"title":"R\u00f3lunk * Hotel Crystal Wellness &amp; SPA *","description":"Szov\u00e1ta a gy\u00f3gyhat\u00e1s\u00fa s\u00f3s tavair\u00f3l \u00e9s leny\u0171g\u00f6z\u0151 term\u00e9szeti k\u00f6rnyezet\u00e9r\u0151l ismert, \u00edgy t\u00f6k\u00e9letes hely a pihen\u00e9shez \u00e9s felt\u00f6lt\u0151d\u00e9shez. A Hotel Crystal pedig ide\u00e1lis v\u00e1laszt\u00e1s, hogy mindezt a lehet\u0151 legteljesebb \u00e9lm\u00e9nyben \u00e9lhesse \u00e1t. Sz\u00e1llod\u00e1nk modern k\u00e9nyelmet, teljes k\u00f6r\u0171 wellness k\u00f6zpontot \u00e9s otthonos szob\u00e1kat k\u00edn\u00e1l","robots":{"index":"index","follow":"follow","max-snippet":"max-snippet:-1","max-image-preview":"max-image-preview:large","max-video-preview":"max-video-preview:-1"},"canonical":"https:\/\/www.hotelcrystal.ro\/hu\/rolunk\/","og_locale":"hu_HU","og_type":"article","og_title":"R\u00f3lunk * Hotel Crystal Wellness &amp; SPA *","og_description":"Szov\u00e1ta a gy\u00f3gyhat\u00e1s\u00fa s\u00f3s tavair\u00f3l \u00e9s leny\u0171g\u00f6z\u0151 term\u00e9szeti k\u00f6rnyezet\u00e9r\u0151l ismert, \u00edgy t\u00f6k\u00e9letes hely a pihen\u00e9shez \u00e9s felt\u00f6lt\u0151d\u00e9shez. A Hotel Crystal pedig ide\u00e1lis v\u00e1laszt\u00e1s, hogy mindezt a lehet\u0151 legteljesebb \u00e9lm\u00e9nyben \u00e9lhesse \u00e1t. Sz\u00e1llod\u00e1nk modern k\u00e9nyelmet, teljes k\u00f6r\u0171 wellness k\u00f6zpontot \u00e9s otthonos szob\u00e1kat k\u00edn\u00e1l","og_url":"https:\/\/www.hotelcrystal.ro\/hu\/rolunk\/","og_site_name":"Hotel Crystal Wellness &amp; SPA","article_publisher":"https:\/\/www.facebook.com\/CrystalHotelSovata\/","article_modified_time":"2026-03-18T12:33:40+00:00","og_image":[{"width":2048,"height":1148,"url":"https:\/\/www.hotelcrystal.ro\/wp-content\/uploads\/sites\/259\/2025\/07\/Hotel-Crystal-Wellness-SPA-33.jpg","type":"image\/jpeg"}],"twitter_card":"summary_large_image","twitter_site":"@hotelcrystal23","twitter_misc":{"Becs\u00fclt olvas\u00e1si id\u0151":"1 perc"},"schema":{"@context":"https:\/\/schema.org","@graph":[{"@type":"WebPage","@id":"https:\/\/www.hotelcrystal.ro\/hu\/rolunk\/","url":"https:\/\/www.hotelcrystal.ro\/hu\/rolunk\/","name":"R\u00f3lunk * Hotel Crystal Wellness &amp; SPA *","isPartOf":{"@id":"https:\/\/www.hotelcrystal.ro\/hu\/#website"},"datePublished":"2025-07-08T12:12:20+00:00","dateModified":"2026-03-18T12:33:40+00:00","description":"Szov\u00e1ta a gy\u00f3gyhat\u00e1s\u00fa s\u00f3s tavair\u00f3l \u00e9s leny\u0171g\u00f6z\u0151 term\u00e9szeti k\u00f6rnyezet\u00e9r\u0151l ismert, \u00edgy t\u00f6k\u00e9letes hely a pihen\u00e9shez \u00e9s felt\u00f6lt\u0151d\u00e9shez. A Hotel Crystal pedig ide\u00e1lis v\u00e1laszt\u00e1s, hogy mindezt a lehet\u0151 legteljesebb \u00e9lm\u00e9nyben \u00e9lhesse \u00e1t. Sz\u00e1llod\u00e1nk modern k\u00e9nyelmet, teljes k\u00f6r\u0171 wellness k\u00f6zpontot \u00e9s otthonos szob\u00e1kat k\u00edn\u00e1l","breadcrumb":{"@id":"https:\/\/www.hotelcrystal.ro\/hu\/rolunk\/#breadcrumb"},"inLanguage":"hu","potentialAction":[{"@type":"ReadAction","target":["https:\/\/www.hotelcrystal.ro\/hu\/rolunk\/"]}]},{"@type":"BreadcrumbList","@id":"https:\/\/www.hotelcrystal.ro\/hu\/rolunk\/#breadcrumb","itemListElement":[{"@type":"ListItem","position":1,"name":"Home","item":"https:\/\/www.hotelcrystal.ro\/hu\/"},{"@type":"ListItem","position":2,"name":"R\u00f3lunk"}]},{"@type":"WebSite","@id":"https:\/\/www.hotelcrystal.ro\/hu\/#website","url":"https:\/\/www.hotelcrystal.ro\/hu\/","name":"Hotel Crystal Wellness & SPA","description":"","publisher":{"@id":"https:\/\/www.hotelcrystal.ro\/hu\/#organization"},"potentialAction":[{"@type":"SearchAction","target":{"@type":"EntryPoint","urlTemplate":"https:\/\/www.hotelcrystal.ro\/hu\/?s={search_term_string}"},"query-input":{"@type":"PropertyValueSpecification","valueRequired":true,"valueName":"search_term_string"}}],"inLanguage":"hu"},{"@type":"Organization","@id":"https:\/\/www.hotelcrystal.ro\/hu\/#organization","name":"Hotel Crystal Wellness & SPA","url":"https:\/\/www.hotelcrystal.ro\/hu\/","logo":{"@type":"ImageObject","inLanguage":"hu","@id":"https:\/\/www.hotelcrystal.ro\/hu\/#\/schema\/logo\/image\/","url":"https:\/\/www.hotelcrystal.ro\/wp-content\/uploads\/sites\/259\/2025\/07\/LOGO-CRYSTAL-hotel-wellnesss.png","contentUrl":"https:\/\/www.hotelcrystal.ro\/wp-content\/uploads\/sites\/259\/2025\/07\/LOGO-CRYSTAL-hotel-wellnesss.png","width":995,"height":500,"caption":"Hotel Crystal Wellness & SPA"},"image":{"@id":"https:\/\/www.hotelcrystal.ro\/hu\/#\/schema\/logo\/image\/"},"sameAs":["https:\/\/www.facebook.com\/CrystalHotelSovata\/","https:\/\/x.com\/hotelcrystal23","https:\/\/www.youtube.com\/channel\/UC-DcgRN3P1YJTAIyMR-4fxw","https:\/\/www.instagram.com\/hotelcrystalsovata\/"]}]}},"acf":[],"_links":{"self":[{"href":"https:\/\/www.hotelcrystal.ro\/hu\/wp-json\/wp\/v2\/pages\/15","targetHints":{"allow":["GET"]}}],"collection":[{"href":"https:\/\/www.hotelcrystal.ro\/hu\/wp-json\/wp\/v2\/pages"}],"about":[{"href":"https:\/\/www.hotelcrystal.ro\/hu\/wp-json\/wp\/v2\/types\/page"}],"author":[{"embeddable":true,"href":"https:\/\/www.hotelcrystal.ro\/hu\/wp-json\/wp\/v2\/users\/8"}],"replies":[{"embeddable":true,"href":"https:\/\/www.hotelcrystal.ro\/hu\/wp-json\/wp\/v2\/comments?post=15"}],"version-history":[{"count":0,"href":"https:\/\/www.hotelcrystal.ro\/hu\/wp-json\/wp\/v2\/pages\/15\/revisions"}],"wp:attachment":[{"href":"https:\/\/www.hotelcrystal.ro\/hu\/wp-json\/wp\/v2\/media?parent=15"}],"curies":[{"name":"wp","href":"https:\/\/api.w.org\/{rel}","templated":true}]}}