{"id":246,"date":"2025-07-14T09:10:45","date_gmt":"2025-07-14T09:10:45","guid":{"rendered":"https:\/\/crystal-hotel-wellness-spa.ms2.decms.eu\/experiente-locale\/"},"modified":"2026-03-20T06:07:40","modified_gmt":"2026-03-20T06:07:40","slug":"helyi-elmenyek-2","status":"publish","type":"page","link":"https:\/\/www.hotelcrystal.ro\/hu\/helyi-elmenyek-2\/","title":{"rendered":"Helyi \u00c9lm\u00e9nyek"},"content":{"rendered":"<p>Fedezze fel a k\u00f6rny\u00e9k fest\u0151i t\u00e1jait \u00e9s izgalmas helyi rendezv\u00e9nyeit<\/p>\n","protected":false},"excerpt":{"rendered":"<p>Fedezze fel a k\u00f6rny\u00e9k fest\u0151i t\u00e1jait \u00e9s izgalmas helyi rendezv\u00e9nyeit<\/p>\n","protected":false},"author":8,"featured_media":0,"parent":0,"menu_order":55,"comment_status":"closed","ping_status":"closed","template":"template-surroundings.php","meta":{"footnotes":""},"class_list":["post-246","page","type-page","status-publish","hentry"],"yoast_head":"<!-- This site is optimized with the Yoast SEO plugin v27.3 - https:\/\/yoast.com\/product\/yoast-seo-wordpress\/ -->\n<title>Helyi \u00c9lm\u00e9nyek * Hotel Crystal Wellness &amp; SPA *<\/title>\n<meta name=\"description\" content=\"Fedezze fel a k\u00f6rny\u00e9k fest\u0151i t\u00e1jait \u00e9s izgalmas helyi rendezv\u00e9nyeit.\" \/>\n<meta name=\"robots\" content=\"index, follow, max-snippet:-1, max-image-preview:large, max-video-preview:-1\" \/>\n<link rel=\"canonical\" href=\"https:\/\/www.hotelcrystal.ro\/hu\/helyi-elmenyek-2\/\" \/>\n<meta property=\"og:locale\" content=\"hu_HU\" \/>\n<meta property=\"og:type\" content=\"article\" \/>\n<meta property=\"og:title\" content=\"Helyi \u00c9lm\u00e9nyek * Hotel Crystal Wellness &amp; SPA *\" \/>\n<meta property=\"og:description\" content=\"Fedezze fel a k\u00f6rny\u00e9k fest\u0151i t\u00e1jait \u00e9s izgalmas helyi rendezv\u00e9nyeit.\" \/>\n<meta property=\"og:url\" content=\"https:\/\/www.hotelcrystal.ro\/hu\/helyi-elmenyek-2\/\" \/>\n<meta property=\"og:site_name\" content=\"Hotel Crystal Wellness &amp; SPA\" \/>\n<meta property=\"article:publisher\" content=\"https:\/\/www.facebook.com\/CrystalHotelSovata\/\" \/>\n<meta property=\"article:modified_time\" content=\"2026-03-20T06:07:40+00:00\" \/>\n<meta property=\"og:image\" content=\"https:\/\/www.hotelcrystal.ro\/wp-content\/uploads\/sites\/259\/2025\/07\/Hotel-Crystal-Wellness-SPA-33.jpg\" \/>\n\t<meta property=\"og:image:width\" content=\"2048\" \/>\n\t<meta property=\"og:image:height\" content=\"1148\" \/>\n\t<meta property=\"og:image:type\" content=\"image\/jpeg\" \/>\n<meta name=\"twitter:card\" content=\"summary_large_image\" \/>\n<meta name=\"twitter:site\" content=\"@hotelcrystal23\" \/>\n<meta name=\"twitter:label1\" content=\"Becs\u00fclt olvas\u00e1si id\u0151\" \/>\n\t<meta name=\"twitter:data1\" content=\"1 perc\" \/>\n<script type=\"application\/ld+json\" class=\"yoast-schema-graph\">{\"@context\":\"https:\\\/\\\/schema.org\",\"@graph\":[{\"@type\":\"WebPage\",\"@id\":\"https:\\\/\\\/www.hotelcrystal.ro\\\/hu\\\/helyi-elmenyek-2\\\/\",\"url\":\"https:\\\/\\\/www.hotelcrystal.ro\\\/hu\\\/helyi-elmenyek-2\\\/\",\"name\":\"Helyi \u00c9lm\u00e9nyek * Hotel Crystal Wellness &amp; SPA *\",\"isPartOf\":{\"@id\":\"https:\\\/\\\/www.hotelcrystal.ro\\\/hu\\\/#website\"},\"datePublished\":\"2025-07-14T09:10:45+00:00\",\"dateModified\":\"2026-03-20T06:07:40+00:00\",\"description\":\"Fedezze fel a k\u00f6rny\u00e9k fest\u0151i t\u00e1jait \u00e9s izgalmas helyi rendezv\u00e9nyeit.\",\"breadcrumb\":{\"@id\":\"https:\\\/\\\/www.hotelcrystal.ro\\\/hu\\\/helyi-elmenyek-2\\\/#breadcrumb\"},\"inLanguage\":\"hu\",\"potentialAction\":[{\"@type\":\"ReadAction\",\"target\":[\"https:\\\/\\\/www.hotelcrystal.ro\\\/hu\\\/helyi-elmenyek-2\\\/\"]}]},{\"@type\":\"BreadcrumbList\",\"@id\":\"https:\\\/\\\/www.hotelcrystal.ro\\\/hu\\\/helyi-elmenyek-2\\\/#breadcrumb\",\"itemListElement\":[{\"@type\":\"ListItem\",\"position\":1,\"name\":\"Home\",\"item\":\"https:\\\/\\\/www.hotelcrystal.ro\\\/hu\\\/\"},{\"@type\":\"ListItem\",\"position\":2,\"name\":\"Helyi \u00c9lm\u00e9nyek\"}]},{\"@type\":\"WebSite\",\"@id\":\"https:\\\/\\\/www.hotelcrystal.ro\\\/hu\\\/#website\",\"url\":\"https:\\\/\\\/www.hotelcrystal.ro\\\/hu\\\/\",\"name\":\"Hotel Crystal Wellness & SPA\",\"description\":\"\",\"publisher\":{\"@id\":\"https:\\\/\\\/www.hotelcrystal.ro\\\/hu\\\/#organization\"},\"potentialAction\":[{\"@type\":\"SearchAction\",\"target\":{\"@type\":\"EntryPoint\",\"urlTemplate\":\"https:\\\/\\\/www.hotelcrystal.ro\\\/hu\\\/?s={search_term_string}\"},\"query-input\":{\"@type\":\"PropertyValueSpecification\",\"valueRequired\":true,\"valueName\":\"search_term_string\"}}],\"inLanguage\":\"hu\"},{\"@type\":\"Organization\",\"@id\":\"https:\\\/\\\/www.hotelcrystal.ro\\\/hu\\\/#organization\",\"name\":\"Hotel Crystal Wellness & SPA\",\"url\":\"https:\\\/\\\/www.hotelcrystal.ro\\\/hu\\\/\",\"logo\":{\"@type\":\"ImageObject\",\"inLanguage\":\"hu\",\"@id\":\"https:\\\/\\\/www.hotelcrystal.ro\\\/hu\\\/#\\\/schema\\\/logo\\\/image\\\/\",\"url\":\"https:\\\/\\\/www.hotelcrystal.ro\\\/wp-content\\\/uploads\\\/sites\\\/259\\\/2025\\\/07\\\/LOGO-CRYSTAL-hotel-wellnesss.png\",\"contentUrl\":\"https:\\\/\\\/www.hotelcrystal.ro\\\/wp-content\\\/uploads\\\/sites\\\/259\\\/2025\\\/07\\\/LOGO-CRYSTAL-hotel-wellnesss.png\",\"width\":995,\"height\":500,\"caption\":\"Hotel Crystal Wellness & SPA\"},\"image\":{\"@id\":\"https:\\\/\\\/www.hotelcrystal.ro\\\/hu\\\/#\\\/schema\\\/logo\\\/image\\\/\"},\"sameAs\":[\"https:\\\/\\\/www.facebook.com\\\/CrystalHotelSovata\\\/\",\"https:\\\/\\\/x.com\\\/hotelcrystal23\",\"https:\\\/\\\/www.youtube.com\\\/channel\\\/UC-DcgRN3P1YJTAIyMR-4fxw\",\"https:\\\/\\\/www.instagram.com\\\/hotelcrystalsovata\\\/\"]}]}<\/script>\n<!-- \/ Yoast SEO plugin. -->","yoast_head_json":{"title":"Helyi \u00c9lm\u00e9nyek * Hotel Crystal Wellness &amp; SPA *","description":"Fedezze fel a k\u00f6rny\u00e9k fest\u0151i t\u00e1jait \u00e9s izgalmas helyi rendezv\u00e9nyeit.","robots":{"index":"index","follow":"follow","max-snippet":"max-snippet:-1","max-image-preview":"max-image-preview:large","max-video-preview":"max-video-preview:-1"},"canonical":"https:\/\/www.hotelcrystal.ro\/hu\/helyi-elmenyek-2\/","og_locale":"hu_HU","og_type":"article","og_title":"Helyi \u00c9lm\u00e9nyek * Hotel Crystal Wellness &amp; SPA *","og_description":"Fedezze fel a k\u00f6rny\u00e9k fest\u0151i t\u00e1jait \u00e9s izgalmas helyi rendezv\u00e9nyeit.","og_url":"https:\/\/www.hotelcrystal.ro\/hu\/helyi-elmenyek-2\/","og_site_name":"Hotel Crystal Wellness &amp; SPA","article_publisher":"https:\/\/www.facebook.com\/CrystalHotelSovata\/","article_modified_time":"2026-03-20T06:07:40+00:00","og_image":[{"width":2048,"height":1148,"url":"https:\/\/www.hotelcrystal.ro\/wp-content\/uploads\/sites\/259\/2025\/07\/Hotel-Crystal-Wellness-SPA-33.jpg","type":"image\/jpeg"}],"twitter_card":"summary_large_image","twitter_site":"@hotelcrystal23","twitter_misc":{"Becs\u00fclt olvas\u00e1si id\u0151":"1 perc"},"schema":{"@context":"https:\/\/schema.org","@graph":[{"@type":"WebPage","@id":"https:\/\/www.hotelcrystal.ro\/hu\/helyi-elmenyek-2\/","url":"https:\/\/www.hotelcrystal.ro\/hu\/helyi-elmenyek-2\/","name":"Helyi \u00c9lm\u00e9nyek * Hotel Crystal Wellness &amp; SPA *","isPartOf":{"@id":"https:\/\/www.hotelcrystal.ro\/hu\/#website"},"datePublished":"2025-07-14T09:10:45+00:00","dateModified":"2026-03-20T06:07:40+00:00","description":"Fedezze fel a k\u00f6rny\u00e9k fest\u0151i t\u00e1jait \u00e9s izgalmas helyi rendezv\u00e9nyeit.","breadcrumb":{"@id":"https:\/\/www.hotelcrystal.ro\/hu\/helyi-elmenyek-2\/#breadcrumb"},"inLanguage":"hu","potentialAction":[{"@type":"ReadAction","target":["https:\/\/www.hotelcrystal.ro\/hu\/helyi-elmenyek-2\/"]}]},{"@type":"BreadcrumbList","@id":"https:\/\/www.hotelcrystal.ro\/hu\/helyi-elmenyek-2\/#breadcrumb","itemListElement":[{"@type":"ListItem","position":1,"name":"Home","item":"https:\/\/www.hotelcrystal.ro\/hu\/"},{"@type":"ListItem","position":2,"name":"Helyi \u00c9lm\u00e9nyek"}]},{"@type":"WebSite","@id":"https:\/\/www.hotelcrystal.ro\/hu\/#website","url":"https:\/\/www.hotelcrystal.ro\/hu\/","name":"Hotel Crystal Wellness & SPA","description":"","publisher":{"@id":"https:\/\/www.hotelcrystal.ro\/hu\/#organization"},"potentialAction":[{"@type":"SearchAction","target":{"@type":"EntryPoint","urlTemplate":"https:\/\/www.hotelcrystal.ro\/hu\/?s={search_term_string}"},"query-input":{"@type":"PropertyValueSpecification","valueRequired":true,"valueName":"search_term_string"}}],"inLanguage":"hu"},{"@type":"Organization","@id":"https:\/\/www.hotelcrystal.ro\/hu\/#organization","name":"Hotel Crystal Wellness & SPA","url":"https:\/\/www.hotelcrystal.ro\/hu\/","logo":{"@type":"ImageObject","inLanguage":"hu","@id":"https:\/\/www.hotelcrystal.ro\/hu\/#\/schema\/logo\/image\/","url":"https:\/\/www.hotelcrystal.ro\/wp-content\/uploads\/sites\/259\/2025\/07\/LOGO-CRYSTAL-hotel-wellnesss.png","contentUrl":"https:\/\/www.hotelcrystal.ro\/wp-content\/uploads\/sites\/259\/2025\/07\/LOGO-CRYSTAL-hotel-wellnesss.png","width":995,"height":500,"caption":"Hotel Crystal Wellness & SPA"},"image":{"@id":"https:\/\/www.hotelcrystal.ro\/hu\/#\/schema\/logo\/image\/"},"sameAs":["https:\/\/www.facebook.com\/CrystalHotelSovata\/","https:\/\/x.com\/hotelcrystal23","https:\/\/www.youtube.com\/channel\/UC-DcgRN3P1YJTAIyMR-4fxw","https:\/\/www.instagram.com\/hotelcrystalsovata\/"]}]}},"acf":[],"_links":{"self":[{"href":"https:\/\/www.hotelcrystal.ro\/hu\/wp-json\/wp\/v2\/pages\/246","targetHints":{"allow":["GET"]}}],"collection":[{"href":"https:\/\/www.hotelcrystal.ro\/hu\/wp-json\/wp\/v2\/pages"}],"about":[{"href":"https:\/\/www.hotelcrystal.ro\/hu\/wp-json\/wp\/v2\/types\/page"}],"author":[{"embeddable":true,"href":"https:\/\/www.hotelcrystal.ro\/hu\/wp-json\/wp\/v2\/users\/8"}],"replies":[{"embeddable":true,"href":"https:\/\/www.hotelcrystal.ro\/hu\/wp-json\/wp\/v2\/comments?post=246"}],"version-history":[{"count":0,"href":"https:\/\/www.hotelcrystal.ro\/hu\/wp-json\/wp\/v2\/pages\/246\/revisions"}],"wp:attachment":[{"href":"https:\/\/www.hotelcrystal.ro\/hu\/wp-json\/wp\/v2\/media?parent=246"}],"curies":[{"name":"wp","href":"https:\/\/api.w.org\/{rel}","templated":true}]}}